{"id":327,"date":"2021-06-18T12:09:16","date_gmt":"2021-06-18T10:09:16","guid":{"rendered":"https:\/\/artecultura.spazioapertoservizi.org\/scuolacivicasdm\/?page_id=327"},"modified":"2024-07-29T11:55:26","modified_gmt":"2024-07-29T09:55:26","slug":"fisarmonica","status":"publish","type":"page","link":"https:\/\/artecultura.spazioapertoservizi.org\/scuolacivicasdm\/musica\/fisarmonica\/","title":{"rendered":"Fisarmonica"},"content":{"rendered":"<p><div class=\"fusion-fullwidth fullwidth-box fusion-builder-row-1 fusion-flex-container nonhundred-percent-fullwidth non-hundred-percent-height-scrolling\" style=\"--awb-border-radius-top-left:0px;--awb-border-radius-top-right:0px;--awb-border-radius-bottom-right:0px;--awb-border-radius-bottom-left:0px;--awb-flex-wrap:wrap;\" ><div class=\"fusion-builder-row fusion-row fusion-flex-align-items-center fusion-flex-content-wrap\" style=\"max-width:1331.2px;margin-left: calc(-4% \/ 2 );margin-right: calc(-4% \/ 2 );\"><div class=\"fusion-layout-column fusion_builder_column fusion-builder-column-0 fusion_builder_column_1_2 1_2 fusion-flex-column\" style=\"--awb-bg-size:cover;--awb-width-large:50%;--awb-margin-top-large:0px;--awb-spacing-right-large:3.84%;--awb-margin-bottom-large:20px;--awb-spacing-left-large:3.84%;--awb-width-medium:50%;--awb-order-medium:0;--awb-spacing-right-medium:3.84%;--awb-spacing-left-medium:3.84%;--awb-width-small:100%;--awb-order-small:0;--awb-spacing-right-small:1.92%;--awb-spacing-left-small:1.92%;\"><div class=\"fusion-column-wrapper fusion-column-has-shadow fusion-flex-justify-content-flex-start fusion-content-layout-column\"><div class=\"fusion-image-element \" style=\"--awb-caption-title-font-family:var(--h2_typography-font-family);--awb-caption-title-font-weight:var(--h2_typography-font-weight);--awb-caption-title-font-style:var(--h2_typography-font-style);--awb-caption-title-size:var(--h2_typography-font-size);--awb-caption-title-transform:var(--h2_typography-text-transform);--awb-caption-title-line-height:var(--h2_typography-line-height);--awb-caption-title-letter-spacing:var(--h2_typography-letter-spacing);\"><span class=\" fusion-imageframe imageframe-none imageframe-1 hover-type-none\"><img decoding=\"async\" width=\"1920\" height=\"1280\" title=\"accordion-389760_1920\" src=\"https:\/\/artecultura.spazioapertoservizi.org\/scuolacivicasdm\/wp-content\/uploads\/sites\/2\/2021\/06\/accordion-389760_1920.jpg\" alt class=\"img-responsive wp-image-355\" srcset=\"https:\/\/artecultura.spazioapertoservizi.org\/scuolacivicasdm\/wp-content\/uploads\/sites\/2\/2021\/06\/accordion-389760_1920-200x133.jpg 200w, https:\/\/artecultura.spazioapertoservizi.org\/scuolacivicasdm\/wp-content\/uploads\/sites\/2\/2021\/06\/accordion-389760_1920-400x267.jpg 400w, https:\/\/artecultura.spazioapertoservizi.org\/scuolacivicasdm\/wp-content\/uploads\/sites\/2\/2021\/06\/accordion-389760_1920-600x400.jpg 600w, https:\/\/artecultura.spazioapertoservizi.org\/scuolacivicasdm\/wp-content\/uploads\/sites\/2\/2021\/06\/accordion-389760_1920-800x533.jpg 800w, https:\/\/artecultura.spazioapertoservizi.org\/scuolacivicasdm\/wp-content\/uploads\/sites\/2\/2021\/06\/accordion-389760_1920-1200x800.jpg 1200w, https:\/\/artecultura.spazioapertoservizi.org\/scuolacivicasdm\/wp-content\/uploads\/sites\/2\/2021\/06\/accordion-389760_1920.jpg 1920w\" sizes=\"(max-width: 640px) 100vw, 800px\" \/><\/span><\/div><\/div><\/div><div class=\"fusion-layout-column fusion_builder_column fusion-builder-column-1 fusion_builder_column_1_2 1_2 fusion-flex-column\" style=\"--awb-bg-size:cover;--awb-width-large:50%;--awb-margin-top-large:0px;--awb-spacing-right-large:3.84%;--awb-margin-bottom-large:20px;--awb-spacing-left-large:3.84%;--awb-width-medium:50%;--awb-order-medium:0;--awb-spacing-right-medium:3.84%;--awb-spacing-left-medium:3.84%;--awb-width-small:100%;--awb-order-small:0;--awb-spacing-right-small:1.92%;--awb-spacing-left-small:1.92%;\"><div class=\"fusion-column-wrapper fusion-column-has-shadow fusion-flex-justify-content-flex-start fusion-content-layout-column\"><div class=\"fusion-text fusion-text-1\"><p>Strumento dalle origini antichissime, vede in Italia i suoi pi\u00f9 grandi costruttori: capace di attraversare con le sue sonorit\u00e0 gli stili pi\u00f9 diversi<\/p>\n<\/div><\/div><\/div><\/div><\/div><div class=\"fusion-fullwidth fullwidth-box fusion-builder-row-2 fusion-flex-container nonhundred-percent-fullwidth non-hundred-percent-height-scrolling\" style=\"--awb-border-radius-top-left:0px;--awb-border-radius-top-right:0px;--awb-border-radius-bottom-right:0px;--awb-border-radius-bottom-left:0px;--awb-flex-wrap:wrap;\" ><div class=\"fusion-builder-row fusion-row fusion-flex-align-items-flex-start fusion-flex-content-wrap\" style=\"max-width:1331.2px;margin-left: calc(-4% \/ 2 );margin-right: calc(-4% \/ 2 );\"><div class=\"fusion-layout-column fusion_builder_column fusion-builder-column-2 fusion_builder_column_1_1 1_1 fusion-flex-column\" style=\"--awb-bg-size:cover;--awb-width-large:100%;--awb-margin-top-large:0px;--awb-spacing-right-large:1.92%;--awb-margin-bottom-large:20px;--awb-spacing-left-large:1.92%;--awb-width-medium:100%;--awb-order-medium:0;--awb-spacing-right-medium:1.92%;--awb-spacing-left-medium:1.92%;--awb-width-small:100%;--awb-order-small:0;--awb-spacing-right-small:1.92%;--awb-spacing-left-small:1.92%;\"><div class=\"fusion-column-wrapper fusion-column-has-shadow fusion-flex-justify-content-flex-start fusion-content-layout-column\"><div class=\"fusion-title title fusion-title-1 fusion-sep-none fusion-title-text fusion-title-size-two\"><h2 class=\"fusion-title-heading title-heading-left\" style=\"margin:0;\">Docenti<\/h2><\/div><div class=\"accordian fusion-accordian\" style=\"--awb-border-size:1px;--awb-icon-size:16px;--awb-content-font-size:14px;--awb-icon-alignment:left;--awb-hover-color:#f9f9fb;--awb-border-color:#e2e2e2;--awb-background-color:#ffffff;--awb-divider-color:#e2e2e2;--awb-divider-hover-color:#e2e2e2;--awb-icon-color:#ffffff;--awb-title-color:#0c77b8;--awb-content-color:#4a4e57;--awb-icon-box-color:#162b46;--awb-toggle-hover-accent-color:#0c77b8;--awb-title-font-family:&quot;Open Sans&quot;;--awb-title-font-weight:400;--awb-title-font-style:normal;--awb-title-font-size:18px;--awb-content-font-family:&quot;Open Sans&quot;;--awb-content-font-style:normal;--awb-content-font-weight:400;\"><div class=\"panel-group fusion-toggle-icon-boxed\" id=\"accordion-327-1\"><div class=\"fusion-panel panel-default panel-7ebd880fde34b8906 fusion-toggle-has-divider\"><div class=\"panel-heading\"><h4 class=\"panel-title toggle\" id=\"toggle_7ebd880fde34b8906\"><a aria-expanded=\"false\" aria-controls=\"7ebd880fde34b8906\" role=\"button\" data-toggle=\"collapse\" data-parent=\"#accordion-327-1\" data-target=\"#7ebd880fde34b8906\" href=\"#7ebd880fde34b8906\"><span class=\"fusion-toggle-icon-wrapper\" aria-hidden=\"true\"><i class=\"fa-fusion-box active-icon awb-icon-minus\" aria-hidden=\"true\"><\/i><i class=\"fa-fusion-box inactive-icon awb-icon-plus\" aria-hidden=\"true\"><\/i><\/span><span class=\"fusion-toggle-heading\">Nome Cognome<\/span><\/a><\/h4><\/div><div id=\"7ebd880fde34b8906\" class=\"panel-collapse collapse \" aria-labelledby=\"toggle_7ebd880fde34b8906\"><div class=\"panel-body toggle-content fusion-clearfix\">\n<p>\u00abLorem ipsum dolor sit amet, consectetur adipisci elit, sed do eiusmod tempor incidunt ut labore et dolore magna aliqua. Ut enim ad minim veniam, quis nostrum exercitationem ullamco laboriosam, nisi ut aliquid ex ea commodi consequatur. Duis aute irure reprehenderit in voluptate velit esse cillum dolore eu fugiat nulla pariatur. Excepteur sint obcaecat cupiditat non proident, sunt in culpa qui officia deserunt mollit anim id est laborum.\u00bb<\/p>\n<p>\u00abLorem ipsum dolor sit amet, consectetur adipisci elit, sed do eiusmod tempor incidunt ut labore et dolore magna aliqua. Ut enim ad minim veniam, quis nostrum exercitationem ullamco laboriosam, nisi ut aliquid ex ea commodi consequatur. Duis aute irure reprehenderit in voluptate velit esse cillum dolore eu fugiat nulla pariatur. Excepteur sint obcaecat cupiditat non proident, sunt in culpa qui officia deserunt mollit anim id est laborum.\u00bb<\/p>\n<p>\u00abLorem ipsum dolor sit amet, consectetur adipisci elit, sed do eiusmod tempor incidunt ut labore et dolore magna aliqua. Ut enim ad minim veniam, quis nostrum exercitationem ullamco laboriosam, nisi ut aliquid ex ea commodi consequatur. Duis aute irure reprehenderit in voluptate velit esse cillum dolore eu fugiat nulla pariatur. Excepteur sint obcaecat cupiditat non proident, sunt in culpa qui officia deserunt mollit anim id est laborum.\u00bb<\/p>\n<p>\u00abLorem ipsum dolor sit amet, consectetur adipisci elit, sed do eiusmod tempor incidunt ut labore et dolore magna aliqua. Ut enim ad minim veniam, quis nostrum exercitationem ullamco laboriosam, nisi ut aliquid ex ea commodi consequatur. Duis aute irure reprehenderit in voluptate velit esse cillum dolore eu fugiat nulla pariatur. Excepteur sint obcaecat cupiditat non proident, sunt in culpa qui officia deserunt mollit anim id est laborum.\u00bb<\/p>\n<\/div><\/div><\/div><\/div><\/div><\/div><\/div><\/div><\/div><\/p>\n","protected":false},"excerpt":{"rendered":"","protected":false},"author":1,"featured_media":0,"parent":22,"menu_order":0,"comment_status":"closed","ping_status":"closed","template":"","meta":{"footnotes":""},"class_list":["post-327","page","type-page","status-publish","hentry"],"yoast_head":"<!-- This site is optimized with the Yoast SEO plugin v26.4 - https:\/\/yoast.com\/wordpress\/plugins\/seo\/ -->\n<title>Fisarmonica - Scuola Civica San Donato Milanese<\/title>\n<meta name=\"robots\" content=\"index, follow, max-snippet:-1, max-image-preview:large, max-video-preview:-1\" \/>\n<link rel=\"canonical\" href=\"http:\/\/artecultura.spazioapertoservizi.org\/scuolacivicasdm\/musica\/fisarmonica\/\" \/>\n<meta property=\"og:locale\" content=\"it_IT\" \/>\n<meta property=\"og:type\" content=\"article\" \/>\n<meta property=\"og:title\" content=\"Fisarmonica - Scuola Civica San Donato Milanese\" \/>\n<meta property=\"og:url\" content=\"http:\/\/artecultura.spazioapertoservizi.org\/scuolacivicasdm\/musica\/fisarmonica\/\" \/>\n<meta property=\"og:site_name\" content=\"Scuola Civica San Donato Milanese\" \/>\n<meta property=\"article:modified_time\" content=\"2024-07-29T09:55:26+00:00\" \/>\n<meta property=\"og:image\" content=\"https:\/\/artecultura.spazioapertoservizi.org\/scuolacivicasdm\/wp-content\/uploads\/sites\/2\/2021\/05\/Logo-SC_SDM_O_72dpi.jpg\" \/>\n\t<meta property=\"og:image:width\" content=\"297\" \/>\n\t<meta property=\"og:image:height\" content=\"194\" \/>\n\t<meta property=\"og:image:type\" content=\"image\/jpeg\" \/>\n<meta name=\"twitter:card\" content=\"summary_large_image\" \/>\n<meta name=\"twitter:label1\" content=\"Tempo di lettura stimato\" \/>\n\t<meta name=\"twitter:data1\" content=\"4 minuti\" \/>\n<script type=\"application\/ld+json\" class=\"yoast-schema-graph\">{\"@context\":\"https:\/\/schema.org\",\"@graph\":[{\"@type\":\"WebPage\",\"@id\":\"http:\/\/artecultura.spazioapertoservizi.org\/scuolacivicasdm\/musica\/fisarmonica\/\",\"url\":\"http:\/\/artecultura.spazioapertoservizi.org\/scuolacivicasdm\/musica\/fisarmonica\/\",\"name\":\"Fisarmonica - Scuola Civica San Donato Milanese\",\"isPartOf\":{\"@id\":\"http:\/\/artecultura.spazioapertoservizi.org\/scuolacivicasdm\/#website\"},\"datePublished\":\"2021-06-18T10:09:16+00:00\",\"dateModified\":\"2024-07-29T09:55:26+00:00\",\"breadcrumb\":{\"@id\":\"http:\/\/artecultura.spazioapertoservizi.org\/scuolacivicasdm\/musica\/fisarmonica\/#breadcrumb\"},\"inLanguage\":\"it-IT\",\"potentialAction\":[{\"@type\":\"ReadAction\",\"target\":[\"http:\/\/artecultura.spazioapertoservizi.org\/scuolacivicasdm\/musica\/fisarmonica\/\"]}]},{\"@type\":\"BreadcrumbList\",\"@id\":\"http:\/\/artecultura.spazioapertoservizi.org\/scuolacivicasdm\/musica\/fisarmonica\/#breadcrumb\",\"itemListElement\":[{\"@type\":\"ListItem\",\"position\":1,\"name\":\"Home\",\"item\":\"http:\/\/artecultura.spazioapertoservizi.org\/scuolacivicasdm\/\"},{\"@type\":\"ListItem\",\"position\":2,\"name\":\"Musica\",\"item\":\"http:\/\/artecultura.spazioapertoservizi.org\/scuolacivicasdm\/musica\/\"},{\"@type\":\"ListItem\",\"position\":3,\"name\":\"Fisarmonica\"}]},{\"@type\":\"WebSite\",\"@id\":\"http:\/\/artecultura.spazioapertoservizi.org\/scuolacivicasdm\/#website\",\"url\":\"http:\/\/artecultura.spazioapertoservizi.org\/scuolacivicasdm\/\",\"name\":\"Scuola Civica San Donato Milanese\",\"description\":\"\",\"publisher\":{\"@id\":\"http:\/\/artecultura.spazioapertoservizi.org\/scuolacivicasdm\/#organization\"},\"potentialAction\":[{\"@type\":\"SearchAction\",\"target\":{\"@type\":\"EntryPoint\",\"urlTemplate\":\"http:\/\/artecultura.spazioapertoservizi.org\/scuolacivicasdm\/?s={search_term_string}\"},\"query-input\":{\"@type\":\"PropertyValueSpecification\",\"valueRequired\":true,\"valueName\":\"search_term_string\"}}],\"inLanguage\":\"it-IT\"},{\"@type\":\"Organization\",\"@id\":\"http:\/\/artecultura.spazioapertoservizi.org\/scuolacivicasdm\/#organization\",\"name\":\"Scuola Civica San Donato Milanese\",\"url\":\"http:\/\/artecultura.spazioapertoservizi.org\/scuolacivicasdm\/\",\"logo\":{\"@type\":\"ImageObject\",\"inLanguage\":\"it-IT\",\"@id\":\"http:\/\/artecultura.spazioapertoservizi.org\/scuolacivicasdm\/#\/schema\/logo\/image\/\",\"url\":\"https:\/\/artecultura.spazioapertoservizi.org\/scuolacivicasdm\/wp-content\/uploads\/sites\/2\/2021\/05\/Logo-SC_SDM_O_72dpi.jpg\",\"contentUrl\":\"https:\/\/artecultura.spazioapertoservizi.org\/scuolacivicasdm\/wp-content\/uploads\/sites\/2\/2021\/05\/Logo-SC_SDM_O_72dpi.jpg\",\"width\":297,\"height\":194,\"caption\":\"Scuola Civica San Donato Milanese\"},\"image\":{\"@id\":\"http:\/\/artecultura.spazioapertoservizi.org\/scuolacivicasdm\/#\/schema\/logo\/image\/\"}}]}<\/script>\n<!-- \/ Yoast SEO plugin. -->","yoast_head_json":{"title":"Fisarmonica - Scuola Civica San Donato Milanese","robots":{"index":"index","follow":"follow","max-snippet":"max-snippet:-1","max-image-preview":"max-image-preview:large","max-video-preview":"max-video-preview:-1"},"canonical":"http:\/\/artecultura.spazioapertoservizi.org\/scuolacivicasdm\/musica\/fisarmonica\/","og_locale":"it_IT","og_type":"article","og_title":"Fisarmonica - Scuola Civica San Donato Milanese","og_url":"http:\/\/artecultura.spazioapertoservizi.org\/scuolacivicasdm\/musica\/fisarmonica\/","og_site_name":"Scuola Civica San Donato Milanese","article_modified_time":"2024-07-29T09:55:26+00:00","og_image":[{"width":297,"height":194,"url":"https:\/\/artecultura.spazioapertoservizi.org\/scuolacivicasdm\/wp-content\/uploads\/sites\/2\/2021\/05\/Logo-SC_SDM_O_72dpi.jpg","type":"image\/jpeg"}],"twitter_card":"summary_large_image","twitter_misc":{"Tempo di lettura stimato":"4 minuti"},"schema":{"@context":"https:\/\/schema.org","@graph":[{"@type":"WebPage","@id":"http:\/\/artecultura.spazioapertoservizi.org\/scuolacivicasdm\/musica\/fisarmonica\/","url":"http:\/\/artecultura.spazioapertoservizi.org\/scuolacivicasdm\/musica\/fisarmonica\/","name":"Fisarmonica - Scuola Civica San Donato Milanese","isPartOf":{"@id":"http:\/\/artecultura.spazioapertoservizi.org\/scuolacivicasdm\/#website"},"datePublished":"2021-06-18T10:09:16+00:00","dateModified":"2024-07-29T09:55:26+00:00","breadcrumb":{"@id":"http:\/\/artecultura.spazioapertoservizi.org\/scuolacivicasdm\/musica\/fisarmonica\/#breadcrumb"},"inLanguage":"it-IT","potentialAction":[{"@type":"ReadAction","target":["http:\/\/artecultura.spazioapertoservizi.org\/scuolacivicasdm\/musica\/fisarmonica\/"]}]},{"@type":"BreadcrumbList","@id":"http:\/\/artecultura.spazioapertoservizi.org\/scuolacivicasdm\/musica\/fisarmonica\/#breadcrumb","itemListElement":[{"@type":"ListItem","position":1,"name":"Home","item":"http:\/\/artecultura.spazioapertoservizi.org\/scuolacivicasdm\/"},{"@type":"ListItem","position":2,"name":"Musica","item":"http:\/\/artecultura.spazioapertoservizi.org\/scuolacivicasdm\/musica\/"},{"@type":"ListItem","position":3,"name":"Fisarmonica"}]},{"@type":"WebSite","@id":"http:\/\/artecultura.spazioapertoservizi.org\/scuolacivicasdm\/#website","url":"http:\/\/artecultura.spazioapertoservizi.org\/scuolacivicasdm\/","name":"Scuola Civica San Donato Milanese","description":"","publisher":{"@id":"http:\/\/artecultura.spazioapertoservizi.org\/scuolacivicasdm\/#organization"},"potentialAction":[{"@type":"SearchAction","target":{"@type":"EntryPoint","urlTemplate":"http:\/\/artecultura.spazioapertoservizi.org\/scuolacivicasdm\/?s={search_term_string}"},"query-input":{"@type":"PropertyValueSpecification","valueRequired":true,"valueName":"search_term_string"}}],"inLanguage":"it-IT"},{"@type":"Organization","@id":"http:\/\/artecultura.spazioapertoservizi.org\/scuolacivicasdm\/#organization","name":"Scuola Civica San Donato Milanese","url":"http:\/\/artecultura.spazioapertoservizi.org\/scuolacivicasdm\/","logo":{"@type":"ImageObject","inLanguage":"it-IT","@id":"http:\/\/artecultura.spazioapertoservizi.org\/scuolacivicasdm\/#\/schema\/logo\/image\/","url":"https:\/\/artecultura.spazioapertoservizi.org\/scuolacivicasdm\/wp-content\/uploads\/sites\/2\/2021\/05\/Logo-SC_SDM_O_72dpi.jpg","contentUrl":"https:\/\/artecultura.spazioapertoservizi.org\/scuolacivicasdm\/wp-content\/uploads\/sites\/2\/2021\/05\/Logo-SC_SDM_O_72dpi.jpg","width":297,"height":194,"caption":"Scuola Civica San Donato Milanese"},"image":{"@id":"http:\/\/artecultura.spazioapertoservizi.org\/scuolacivicasdm\/#\/schema\/logo\/image\/"}}]}},"_links":{"self":[{"href":"https:\/\/artecultura.spazioapertoservizi.org\/scuolacivicasdm\/wp-json\/wp\/v2\/pages\/327","targetHints":{"allow":["GET"]}}],"collection":[{"href":"https:\/\/artecultura.spazioapertoservizi.org\/scuolacivicasdm\/wp-json\/wp\/v2\/pages"}],"about":[{"href":"https:\/\/artecultura.spazioapertoservizi.org\/scuolacivicasdm\/wp-json\/wp\/v2\/types\/page"}],"author":[{"embeddable":true,"href":"https:\/\/artecultura.spazioapertoservizi.org\/scuolacivicasdm\/wp-json\/wp\/v2\/users\/1"}],"replies":[{"embeddable":true,"href":"https:\/\/artecultura.spazioapertoservizi.org\/scuolacivicasdm\/wp-json\/wp\/v2\/comments?post=327"}],"version-history":[{"count":5,"href":"https:\/\/artecultura.spazioapertoservizi.org\/scuolacivicasdm\/wp-json\/wp\/v2\/pages\/327\/revisions"}],"predecessor-version":[{"id":1048,"href":"https:\/\/artecultura.spazioapertoservizi.org\/scuolacivicasdm\/wp-json\/wp\/v2\/pages\/327\/revisions\/1048"}],"up":[{"embeddable":true,"href":"https:\/\/artecultura.spazioapertoservizi.org\/scuolacivicasdm\/wp-json\/wp\/v2\/pages\/22"}],"wp:attachment":[{"href":"https:\/\/artecultura.spazioapertoservizi.org\/scuolacivicasdm\/wp-json\/wp\/v2\/media?parent=327"}],"curies":[{"name":"wp","href":"https:\/\/api.w.org\/{rel}","templated":true}]}}