{"id":1079,"date":"2024-07-29T17:43:05","date_gmt":"2024-07-29T15:43:05","guid":{"rendered":"https:\/\/artecultura.spazioapertoservizi.org\/scuolacivicasdm\/?page_id=1079"},"modified":"2024-07-29T17:51:30","modified_gmt":"2024-07-29T15:51:30","slug":"teoria-e-armonia-musicale","status":"publish","type":"page","link":"https:\/\/artecultura.spazioapertoservizi.org\/scuolacivicasdm\/teoria-e-armonia-musicale\/","title":{"rendered":"Teoria e Armonia Musicale"},"content":{"rendered":"<p><div class=\"fusion-fullwidth fullwidth-box fusion-builder-row-1 fusion-flex-container nonhundred-percent-fullwidth non-hundred-percent-height-scrolling\" style=\"--awb-border-radius-top-left:0px;--awb-border-radius-top-right:0px;--awb-border-radius-bottom-right:0px;--awb-border-radius-bottom-left:0px;--awb-flex-wrap:wrap;\" ><div class=\"fusion-builder-row fusion-row fusion-flex-align-items-center fusion-flex-content-wrap\" style=\"max-width:1331.2px;margin-left: calc(-4% \/ 2 );margin-right: calc(-4% \/ 2 );\"><div class=\"fusion-layout-column fusion_builder_column fusion-builder-column-0 fusion_builder_column_1_2 1_2 fusion-flex-column\" style=\"--awb-bg-size:cover;--awb-width-large:50%;--awb-margin-top-large:0px;--awb-spacing-right-large:3.84%;--awb-margin-bottom-large:20px;--awb-spacing-left-large:3.84%;--awb-width-medium:50%;--awb-order-medium:0;--awb-spacing-right-medium:3.84%;--awb-spacing-left-medium:3.84%;--awb-width-small:100%;--awb-order-small:0;--awb-spacing-right-small:1.92%;--awb-spacing-left-small:1.92%;\"><div class=\"fusion-column-wrapper fusion-column-has-shadow fusion-flex-justify-content-flex-start fusion-content-layout-column\"><div class=\"fusion-image-element \" style=\"--awb-caption-title-font-family:var(--h2_typography-font-family);--awb-caption-title-font-weight:var(--h2_typography-font-weight);--awb-caption-title-font-style:var(--h2_typography-font-style);--awb-caption-title-size:var(--h2_typography-font-size);--awb-caption-title-transform:var(--h2_typography-text-transform);--awb-caption-title-line-height:var(--h2_typography-line-height);--awb-caption-title-letter-spacing:var(--h2_typography-letter-spacing);\"><span class=\" fusion-imageframe imageframe-none imageframe-1 hover-type-none\"><img decoding=\"async\" width=\"300\" height=\"225\" title=\"composizione\" src=\"https:\/\/artecultura.spazioapertoservizi.org\/scuolacivicasdm\/wp-content\/uploads\/sites\/2\/2024\/07\/composizione-300x225.jpg\" alt class=\"img-responsive wp-image-1071\" srcset=\"https:\/\/artecultura.spazioapertoservizi.org\/scuolacivicasdm\/wp-content\/uploads\/sites\/2\/2024\/07\/composizione-200x150.jpg 200w, https:\/\/artecultura.spazioapertoservizi.org\/scuolacivicasdm\/wp-content\/uploads\/sites\/2\/2024\/07\/composizione-400x300.jpg 400w, https:\/\/artecultura.spazioapertoservizi.org\/scuolacivicasdm\/wp-content\/uploads\/sites\/2\/2024\/07\/composizione-600x450.jpg 600w, https:\/\/artecultura.spazioapertoservizi.org\/scuolacivicasdm\/wp-content\/uploads\/sites\/2\/2024\/07\/composizione-800x600.jpg 800w, https:\/\/artecultura.spazioapertoservizi.org\/scuolacivicasdm\/wp-content\/uploads\/sites\/2\/2024\/07\/composizione-1200x900.jpg 1200w, https:\/\/artecultura.spazioapertoservizi.org\/scuolacivicasdm\/wp-content\/uploads\/sites\/2\/2024\/07\/composizione.jpg 1500w\" sizes=\"(max-width: 640px) 100vw, 800px\" \/><\/span><\/div><\/div><\/div><div class=\"fusion-layout-column fusion_builder_column fusion-builder-column-1 fusion_builder_column_1_2 1_2 fusion-flex-column\" style=\"--awb-bg-size:cover;--awb-width-large:50%;--awb-margin-top-large:0px;--awb-spacing-right-large:3.84%;--awb-margin-bottom-large:20px;--awb-spacing-left-large:3.84%;--awb-width-medium:50%;--awb-order-medium:0;--awb-spacing-right-medium:3.84%;--awb-spacing-left-medium:3.84%;--awb-width-small:100%;--awb-order-small:0;--awb-spacing-right-small:1.92%;--awb-spacing-left-small:1.92%;\"><div class=\"fusion-column-wrapper fusion-column-has-shadow fusion-flex-justify-content-flex-start fusion-content-layout-column\"><div class=\"fusion-text fusion-text-1\"><div>Affrontare il mondo della\u00a0<strong>teoria e armonia<\/strong>\u00a0musicale pu\u00f2 essere molto affascinante se impariamo che le regole non sono mai fini a se stesse e che tutto ci\u00f2 che ci circonda \u00e8 costruito secondo leggi armoniche.<\/div>\n<div><\/div>\n<div>Un corso dedicato agli allievi dei corsi moderni, di qualunque strumento, che hanno quindi deciso di approfondire stili e linguaggi come il pop, il rock, il jazz e il blues,\u2026<\/div>\n<div><\/div>\n<div>Il percorso BASE \u00e8 rivolto ai musicisti che abbiano gi\u00e0 una minima conoscenza teorica di base ma non hanno ancora dimestichezza con le forme accordali e l\u2019analisi armonica di un brano mentre il percorso AVANZATO prevede gi\u00e0 una certa esperienza in termini di accordi estesi ed alterati, collegamenti armonici e analisi di brani in diversi stili oltre ad una buona educazione dell\u2019orecchio necessaria per la trascrizione di brani e primo approccio alla composizione.<\/div>\n<\/div><\/div><\/div><\/div><\/div><div class=\"fusion-fullwidth fullwidth-box fusion-builder-row-2 fusion-flex-container nonhundred-percent-fullwidth non-hundred-percent-height-scrolling\" style=\"--awb-border-radius-top-left:0px;--awb-border-radius-top-right:0px;--awb-border-radius-bottom-right:0px;--awb-border-radius-bottom-left:0px;--awb-flex-wrap:wrap;\" ><div class=\"fusion-builder-row fusion-row fusion-flex-align-items-flex-start fusion-flex-content-wrap\" style=\"max-width:1331.2px;margin-left: calc(-4% \/ 2 );margin-right: calc(-4% \/ 2 );\"><div class=\"fusion-layout-column fusion_builder_column fusion-builder-column-2 fusion_builder_column_1_1 1_1 fusion-flex-column\" style=\"--awb-bg-size:cover;--awb-width-large:100%;--awb-margin-top-large:0px;--awb-spacing-right-large:1.92%;--awb-margin-bottom-large:20px;--awb-spacing-left-large:1.92%;--awb-width-medium:100%;--awb-order-medium:0;--awb-spacing-right-medium:1.92%;--awb-spacing-left-medium:1.92%;--awb-width-small:100%;--awb-order-small:0;--awb-spacing-right-small:1.92%;--awb-spacing-left-small:1.92%;\"><div class=\"fusion-column-wrapper fusion-column-has-shadow fusion-flex-justify-content-flex-start fusion-content-layout-column\"><div class=\"fusion-title title fusion-title-1 fusion-sep-none fusion-title-text fusion-title-size-two\"><h2 class=\"fusion-title-heading title-heading-left\" style=\"margin:0;\">Docenti<\/h2><\/div><div class=\"accordian fusion-accordian\" style=\"--awb-border-size:1px;--awb-icon-size:16px;--awb-content-font-size:14px;--awb-icon-alignment:left;--awb-hover-color:#f9f9fb;--awb-border-color:#e2e2e2;--awb-background-color:#ffffff;--awb-divider-color:#e2e2e2;--awb-divider-hover-color:#e2e2e2;--awb-icon-color:#ffffff;--awb-title-color:#0c77b8;--awb-content-color:#4a4e57;--awb-icon-box-color:#162b46;--awb-toggle-hover-accent-color:#0c77b8;--awb-title-font-family:&quot;Open Sans&quot;;--awb-title-font-weight:400;--awb-title-font-style:normal;--awb-title-font-size:18px;--awb-content-font-family:&quot;Open Sans&quot;;--awb-content-font-style:normal;--awb-content-font-weight:400;\"><div class=\"panel-group fusion-toggle-icon-boxed\" id=\"accordion-1079-1\"><div class=\"fusion-panel panel-default panel-cd3005569e5755819 fusion-toggle-has-divider\" style=\"--awb-title-color:#0c77b8;--awb-content-color:#4a4e57;\"><div class=\"panel-heading\"><h4 class=\"panel-title toggle\" id=\"toggle_cd3005569e5755819\"><a aria-expanded=\"false\" aria-controls=\"cd3005569e5755819\" role=\"button\" data-toggle=\"collapse\" data-parent=\"#accordion-1079-1\" data-target=\"#cd3005569e5755819\" href=\"#cd3005569e5755819\"><span class=\"fusion-toggle-icon-wrapper\" aria-hidden=\"true\"><i class=\"fa-fusion-box active-icon awb-icon-minus\" aria-hidden=\"true\"><\/i><i class=\"fa-fusion-box inactive-icon awb-icon-plus\" aria-hidden=\"true\"><\/i><\/span><span class=\"fusion-toggle-heading\">Matteo Predari<\/span><\/a><\/h4><\/div><div id=\"cd3005569e5755819\" class=\"panel-collapse collapse \" aria-labelledby=\"toggle_cd3005569e5755819\"><div class=\"panel-body toggle-content fusion-clearfix\">\n<p><span data-contrast=\"auto\">Comincia il proprio percorso di studio musicale a<\/span><span data-ccp-props=\"\"><img decoding=\"async\" class=\"alignright size-medium wp-image-928\" src=\"https:\/\/artecultura.spazioapertoservizi.org\/scuolacivicasdm\/wp-content\/uploads\/sites\/2\/2023\/09\/Predari-Matteo-300x208.jpg\" alt=\"\" width=\"300\" height=\"208\" srcset=\"https:\/\/artecultura.spazioapertoservizi.org\/scuolacivicasdm\/wp-content\/uploads\/sites\/2\/2023\/09\/Predari-Matteo-200x139.jpg 200w, https:\/\/artecultura.spazioapertoservizi.org\/scuolacivicasdm\/wp-content\/uploads\/sites\/2\/2023\/09\/Predari-Matteo-300x208.jpg 300w, https:\/\/artecultura.spazioapertoservizi.org\/scuolacivicasdm\/wp-content\/uploads\/sites\/2\/2023\/09\/Predari-Matteo-400x278.jpg 400w, https:\/\/artecultura.spazioapertoservizi.org\/scuolacivicasdm\/wp-content\/uploads\/sites\/2\/2023\/09\/Predari-Matteo-600x417.jpg 600w, https:\/\/artecultura.spazioapertoservizi.org\/scuolacivicasdm\/wp-content\/uploads\/sites\/2\/2023\/09\/Predari-Matteo-768x533.jpg 768w, https:\/\/artecultura.spazioapertoservizi.org\/scuolacivicasdm\/wp-content\/uploads\/sites\/2\/2023\/09\/Predari-Matteo-800x555.jpg 800w, https:\/\/artecultura.spazioapertoservizi.org\/scuolacivicasdm\/wp-content\/uploads\/sites\/2\/2023\/09\/Predari-Matteo-1024x711.jpg 1024w, https:\/\/artecultura.spazioapertoservizi.org\/scuolacivicasdm\/wp-content\/uploads\/sites\/2\/2023\/09\/Predari-Matteo.jpg 1037w\" sizes=\"(max-width: 300px) 100vw, 300px\" \/><\/span><\/p>\n<p><span data-contrast=\"auto\">Pioltello, paese di residenza, per poi trasferirsi a Londra dal 2015 al 2017 dove<\/span><span data-ccp-props=\"\">\u00a0<\/span><\/p>\n<p><span data-contrast=\"auto\">frequenta I'Institute of Contemporary Music Performance ed ottiene il Professional<\/span><span data-ccp-props=\"\">\u00a0<\/span><\/p>\n<p><span data-contrast=\"auto\">Diploma in Music Practice.\u00a0<\/span><span data-ccp-props=\"\">\u00a0<\/span><\/p>\n<p><span data-contrast=\"auto\">Tornato in Italia, nel 2017, si iscrive al CPM Music Institute di<\/span><span data-ccp-props=\"\">\u00a0<\/span><\/p>\n<p><span data-contrast=\"auto\">Milano e nel febbraio 2023 ottiene il Diploma Accademico di Primo Livello in<\/span><span data-ccp-props=\"\">\u00a0<\/span><\/p>\n<p><span data-contrast=\"auto\">Popular Music \u2013 Chitarra Pop-Rock.<\/span><span data-ccp-props=\"\">\u00a0<\/span><\/p>\n<p><span data-contrast=\"auto\">Nel 2022 inizia un'intensa collaborazione con alcune scuole di musica del<\/span><span data-ccp-props=\"\">\u00a0<\/span><\/p>\n<p><span data-contrast=\"auto\">milanese in veste di docente di Chitarra Moderna.<\/span><span data-ccp-props=\"\">\u00a0<\/span><\/p>\n<p><span data-contrast=\"auto\">Sempre nel 2022 collabora con RTI Mediaset co-componendo la colonna sonora della serie TV \"Tipi da Crociera\" andata in onda nei mesi di novembre e dicembre in prime-time sul canale Italia 1.<\/span><span data-ccp-props=\"\">\u00a0<\/span><\/p>\n<p><span data-contrast=\"auto\">Nell'estate 2023 viene chiamato come insegnante per un Campus Musicale a<\/span><span data-ccp-props=\"\">\u00a0<\/span><\/p>\n<p><span data-contrast=\"auto\">Trento organizzato dalla Scuola di Musica MC che lo conferma come parte<\/span><span data-ccp-props=\"\">\u00a0<\/span><\/p>\n<p><span data-contrast=\"auto\">integrante dell'organico a partire dal mese di settembre nella sede principale di Milano.<\/span><span data-ccp-props=\"\">\u00a0<\/span><\/p>\n<p><span data-contrast=\"auto\">Eroga lezioni private ed \u00e8 un insegnante abilitato CPM Edu.<\/span><span data-ccp-props=\"\">\u00a0<\/span><\/p>\n<p><span data-contrast=\"auto\">Nel frattempo continua il percorso di studi in vista del Biennio di Composizione in<\/span><span data-ccp-props=\"\">\u00a0<\/span><\/p>\n<p><span data-contrast=\"auto\">Musica Applicata \u2013 Musica per l'Immagine e per il Teatro.<\/span><span data-ccp-props=\"\">\u00a0<\/span><\/p>\n<p><span data-contrast=\"auto\">Il 16 agosto pubblica il suo primo brano inedito, \"Dreamy\", nato dallo studio dei chitarristi che maggiormente lo hanno influenzato e dai principi di composizione che sta approfondendo.<\/span><span data-ccp-props=\"\">\u00a0<\/span><\/p>\n<p><span data-contrast=\"auto\">E' Docente presso la Scuola civica di San Donato milanese.<\/span><span data-ccp-props=\"\">\u00a0<\/span><\/p>\n<\/div><\/div><\/div><\/div><\/div><\/div><\/div><\/div><\/div><\/p>\n","protected":false},"excerpt":{"rendered":"","protected":false},"author":3,"featured_media":0,"parent":0,"menu_order":0,"comment_status":"closed","ping_status":"closed","template":"","meta":{"footnotes":""},"class_list":["post-1079","page","type-page","status-publish","hentry"],"yoast_head":"<!-- This site is optimized with the Yoast SEO plugin v26.4 - https:\/\/yoast.com\/wordpress\/plugins\/seo\/ -->\n<title>Teoria e Armonia Musicale - Scuola Civica San Donato Milanese<\/title>\n<meta name=\"robots\" content=\"index, follow, max-snippet:-1, max-image-preview:large, max-video-preview:-1\" \/>\n<link rel=\"canonical\" href=\"https:\/\/artecultura.spazioapertoservizi.org\/scuolacivicasdm\/teoria-e-armonia-musicale\/\" \/>\n<meta property=\"og:locale\" content=\"it_IT\" \/>\n<meta property=\"og:type\" content=\"article\" \/>\n<meta property=\"og:title\" content=\"Teoria e Armonia Musicale - Scuola Civica San Donato Milanese\" \/>\n<meta property=\"og:url\" content=\"https:\/\/artecultura.spazioapertoservizi.org\/scuolacivicasdm\/teoria-e-armonia-musicale\/\" \/>\n<meta property=\"og:site_name\" content=\"Scuola Civica San Donato Milanese\" \/>\n<meta property=\"article:modified_time\" content=\"2024-07-29T15:51:30+00:00\" \/>\n<meta property=\"og:image\" content=\"https:\/\/artecultura.spazioapertoservizi.org\/scuolacivicasdm\/wp-content\/uploads\/sites\/2\/2023\/09\/Predari-Matteo-300x208.jpg\" \/>\n<meta name=\"twitter:card\" content=\"summary_large_image\" \/>\n<meta name=\"twitter:label1\" content=\"Tempo di lettura stimato\" \/>\n\t<meta name=\"twitter:data1\" content=\"5 minuti\" \/>\n<script type=\"application\/ld+json\" class=\"yoast-schema-graph\">{\"@context\":\"https:\/\/schema.org\",\"@graph\":[{\"@type\":\"WebPage\",\"@id\":\"https:\/\/artecultura.spazioapertoservizi.org\/scuolacivicasdm\/teoria-e-armonia-musicale\/\",\"url\":\"https:\/\/artecultura.spazioapertoservizi.org\/scuolacivicasdm\/teoria-e-armonia-musicale\/\",\"name\":\"Teoria e Armonia Musicale - Scuola Civica San Donato Milanese\",\"isPartOf\":{\"@id\":\"https:\/\/artecultura.spazioapertoservizi.org\/scuolacivicasdm\/#website\"},\"primaryImageOfPage\":{\"@id\":\"https:\/\/artecultura.spazioapertoservizi.org\/scuolacivicasdm\/teoria-e-armonia-musicale\/#primaryimage\"},\"image\":{\"@id\":\"https:\/\/artecultura.spazioapertoservizi.org\/scuolacivicasdm\/teoria-e-armonia-musicale\/#primaryimage\"},\"thumbnailUrl\":\"https:\/\/artecultura.spazioapertoservizi.org\/scuolacivicasdm\/wp-content\/uploads\/sites\/2\/2023\/09\/Predari-Matteo-300x208.jpg\",\"datePublished\":\"2024-07-29T15:43:05+00:00\",\"dateModified\":\"2024-07-29T15:51:30+00:00\",\"breadcrumb\":{\"@id\":\"https:\/\/artecultura.spazioapertoservizi.org\/scuolacivicasdm\/teoria-e-armonia-musicale\/#breadcrumb\"},\"inLanguage\":\"it-IT\",\"potentialAction\":[{\"@type\":\"ReadAction\",\"target\":[\"https:\/\/artecultura.spazioapertoservizi.org\/scuolacivicasdm\/teoria-e-armonia-musicale\/\"]}]},{\"@type\":\"ImageObject\",\"inLanguage\":\"it-IT\",\"@id\":\"https:\/\/artecultura.spazioapertoservizi.org\/scuolacivicasdm\/teoria-e-armonia-musicale\/#primaryimage\",\"url\":\"https:\/\/artecultura.spazioapertoservizi.org\/scuolacivicasdm\/wp-content\/uploads\/sites\/2\/2023\/09\/Predari-Matteo.jpg\",\"contentUrl\":\"https:\/\/artecultura.spazioapertoservizi.org\/scuolacivicasdm\/wp-content\/uploads\/sites\/2\/2023\/09\/Predari-Matteo.jpg\",\"width\":1037,\"height\":720},{\"@type\":\"BreadcrumbList\",\"@id\":\"https:\/\/artecultura.spazioapertoservizi.org\/scuolacivicasdm\/teoria-e-armonia-musicale\/#breadcrumb\",\"itemListElement\":[{\"@type\":\"ListItem\",\"position\":1,\"name\":\"Home\",\"item\":\"https:\/\/artecultura.spazioapertoservizi.org\/scuolacivicasdm\/\"},{\"@type\":\"ListItem\",\"position\":2,\"name\":\"Teoria e Armonia Musicale\"}]},{\"@type\":\"WebSite\",\"@id\":\"https:\/\/artecultura.spazioapertoservizi.org\/scuolacivicasdm\/#website\",\"url\":\"https:\/\/artecultura.spazioapertoservizi.org\/scuolacivicasdm\/\",\"name\":\"Scuola Civica San Donato Milanese\",\"description\":\"\",\"publisher\":{\"@id\":\"https:\/\/artecultura.spazioapertoservizi.org\/scuolacivicasdm\/#organization\"},\"potentialAction\":[{\"@type\":\"SearchAction\",\"target\":{\"@type\":\"EntryPoint\",\"urlTemplate\":\"https:\/\/artecultura.spazioapertoservizi.org\/scuolacivicasdm\/?s={search_term_string}\"},\"query-input\":{\"@type\":\"PropertyValueSpecification\",\"valueRequired\":true,\"valueName\":\"search_term_string\"}}],\"inLanguage\":\"it-IT\"},{\"@type\":\"Organization\",\"@id\":\"https:\/\/artecultura.spazioapertoservizi.org\/scuolacivicasdm\/#organization\",\"name\":\"Scuola Civica San Donato Milanese\",\"url\":\"https:\/\/artecultura.spazioapertoservizi.org\/scuolacivicasdm\/\",\"logo\":{\"@type\":\"ImageObject\",\"inLanguage\":\"it-IT\",\"@id\":\"https:\/\/artecultura.spazioapertoservizi.org\/scuolacivicasdm\/#\/schema\/logo\/image\/\",\"url\":\"https:\/\/artecultura.spazioapertoservizi.org\/scuolacivicasdm\/wp-content\/uploads\/sites\/2\/2021\/05\/Logo-SC_SDM_O_72dpi.jpg\",\"contentUrl\":\"https:\/\/artecultura.spazioapertoservizi.org\/scuolacivicasdm\/wp-content\/uploads\/sites\/2\/2021\/05\/Logo-SC_SDM_O_72dpi.jpg\",\"width\":297,\"height\":194,\"caption\":\"Scuola Civica San Donato Milanese\"},\"image\":{\"@id\":\"https:\/\/artecultura.spazioapertoservizi.org\/scuolacivicasdm\/#\/schema\/logo\/image\/\"}}]}<\/script>\n<!-- \/ Yoast SEO plugin. -->","yoast_head_json":{"title":"Teoria e Armonia Musicale - Scuola Civica San Donato Milanese","robots":{"index":"index","follow":"follow","max-snippet":"max-snippet:-1","max-image-preview":"max-image-preview:large","max-video-preview":"max-video-preview:-1"},"canonical":"https:\/\/artecultura.spazioapertoservizi.org\/scuolacivicasdm\/teoria-e-armonia-musicale\/","og_locale":"it_IT","og_type":"article","og_title":"Teoria e Armonia Musicale - Scuola Civica San Donato Milanese","og_url":"https:\/\/artecultura.spazioapertoservizi.org\/scuolacivicasdm\/teoria-e-armonia-musicale\/","og_site_name":"Scuola Civica San Donato Milanese","article_modified_time":"2024-07-29T15:51:30+00:00","og_image":[{"url":"https:\/\/artecultura.spazioapertoservizi.org\/scuolacivicasdm\/wp-content\/uploads\/sites\/2\/2023\/09\/Predari-Matteo-300x208.jpg","type":"","width":"","height":""}],"twitter_card":"summary_large_image","twitter_misc":{"Tempo di lettura stimato":"5 minuti"},"schema":{"@context":"https:\/\/schema.org","@graph":[{"@type":"WebPage","@id":"https:\/\/artecultura.spazioapertoservizi.org\/scuolacivicasdm\/teoria-e-armonia-musicale\/","url":"https:\/\/artecultura.spazioapertoservizi.org\/scuolacivicasdm\/teoria-e-armonia-musicale\/","name":"Teoria e Armonia Musicale - Scuola Civica San Donato Milanese","isPartOf":{"@id":"https:\/\/artecultura.spazioapertoservizi.org\/scuolacivicasdm\/#website"},"primaryImageOfPage":{"@id":"https:\/\/artecultura.spazioapertoservizi.org\/scuolacivicasdm\/teoria-e-armonia-musicale\/#primaryimage"},"image":{"@id":"https:\/\/artecultura.spazioapertoservizi.org\/scuolacivicasdm\/teoria-e-armonia-musicale\/#primaryimage"},"thumbnailUrl":"https:\/\/artecultura.spazioapertoservizi.org\/scuolacivicasdm\/wp-content\/uploads\/sites\/2\/2023\/09\/Predari-Matteo-300x208.jpg","datePublished":"2024-07-29T15:43:05+00:00","dateModified":"2024-07-29T15:51:30+00:00","breadcrumb":{"@id":"https:\/\/artecultura.spazioapertoservizi.org\/scuolacivicasdm\/teoria-e-armonia-musicale\/#breadcrumb"},"inLanguage":"it-IT","potentialAction":[{"@type":"ReadAction","target":["https:\/\/artecultura.spazioapertoservizi.org\/scuolacivicasdm\/teoria-e-armonia-musicale\/"]}]},{"@type":"ImageObject","inLanguage":"it-IT","@id":"https:\/\/artecultura.spazioapertoservizi.org\/scuolacivicasdm\/teoria-e-armonia-musicale\/#primaryimage","url":"https:\/\/artecultura.spazioapertoservizi.org\/scuolacivicasdm\/wp-content\/uploads\/sites\/2\/2023\/09\/Predari-Matteo.jpg","contentUrl":"https:\/\/artecultura.spazioapertoservizi.org\/scuolacivicasdm\/wp-content\/uploads\/sites\/2\/2023\/09\/Predari-Matteo.jpg","width":1037,"height":720},{"@type":"BreadcrumbList","@id":"https:\/\/artecultura.spazioapertoservizi.org\/scuolacivicasdm\/teoria-e-armonia-musicale\/#breadcrumb","itemListElement":[{"@type":"ListItem","position":1,"name":"Home","item":"https:\/\/artecultura.spazioapertoservizi.org\/scuolacivicasdm\/"},{"@type":"ListItem","position":2,"name":"Teoria e Armonia Musicale"}]},{"@type":"WebSite","@id":"https:\/\/artecultura.spazioapertoservizi.org\/scuolacivicasdm\/#website","url":"https:\/\/artecultura.spazioapertoservizi.org\/scuolacivicasdm\/","name":"Scuola Civica San Donato Milanese","description":"","publisher":{"@id":"https:\/\/artecultura.spazioapertoservizi.org\/scuolacivicasdm\/#organization"},"potentialAction":[{"@type":"SearchAction","target":{"@type":"EntryPoint","urlTemplate":"https:\/\/artecultura.spazioapertoservizi.org\/scuolacivicasdm\/?s={search_term_string}"},"query-input":{"@type":"PropertyValueSpecification","valueRequired":true,"valueName":"search_term_string"}}],"inLanguage":"it-IT"},{"@type":"Organization","@id":"https:\/\/artecultura.spazioapertoservizi.org\/scuolacivicasdm\/#organization","name":"Scuola Civica San Donato Milanese","url":"https:\/\/artecultura.spazioapertoservizi.org\/scuolacivicasdm\/","logo":{"@type":"ImageObject","inLanguage":"it-IT","@id":"https:\/\/artecultura.spazioapertoservizi.org\/scuolacivicasdm\/#\/schema\/logo\/image\/","url":"https:\/\/artecultura.spazioapertoservizi.org\/scuolacivicasdm\/wp-content\/uploads\/sites\/2\/2021\/05\/Logo-SC_SDM_O_72dpi.jpg","contentUrl":"https:\/\/artecultura.spazioapertoservizi.org\/scuolacivicasdm\/wp-content\/uploads\/sites\/2\/2021\/05\/Logo-SC_SDM_O_72dpi.jpg","width":297,"height":194,"caption":"Scuola Civica San Donato Milanese"},"image":{"@id":"https:\/\/artecultura.spazioapertoservizi.org\/scuolacivicasdm\/#\/schema\/logo\/image\/"}}]}},"_links":{"self":[{"href":"https:\/\/artecultura.spazioapertoservizi.org\/scuolacivicasdm\/wp-json\/wp\/v2\/pages\/1079","targetHints":{"allow":["GET"]}}],"collection":[{"href":"https:\/\/artecultura.spazioapertoservizi.org\/scuolacivicasdm\/wp-json\/wp\/v2\/pages"}],"about":[{"href":"https:\/\/artecultura.spazioapertoservizi.org\/scuolacivicasdm\/wp-json\/wp\/v2\/types\/page"}],"author":[{"embeddable":true,"href":"https:\/\/artecultura.spazioapertoservizi.org\/scuolacivicasdm\/wp-json\/wp\/v2\/users\/3"}],"replies":[{"embeddable":true,"href":"https:\/\/artecultura.spazioapertoservizi.org\/scuolacivicasdm\/wp-json\/wp\/v2\/comments?post=1079"}],"version-history":[{"count":2,"href":"https:\/\/artecultura.spazioapertoservizi.org\/scuolacivicasdm\/wp-json\/wp\/v2\/pages\/1079\/revisions"}],"predecessor-version":[{"id":1082,"href":"https:\/\/artecultura.spazioapertoservizi.org\/scuolacivicasdm\/wp-json\/wp\/v2\/pages\/1079\/revisions\/1082"}],"wp:attachment":[{"href":"https:\/\/artecultura.spazioapertoservizi.org\/scuolacivicasdm\/wp-json\/wp\/v2\/media?parent=1079"}],"curies":[{"name":"wp","href":"https:\/\/api.w.org\/{rel}","templated":true}]}}